{"id":1398,"date":"2024-03-13T05:33:25","date_gmt":"2024-03-13T05:33:25","guid":{"rendered":"https:\/\/lend-ease.com\/?page_id=1398"},"modified":"2024-03-13T23:32:11","modified_gmt":"2024-03-13T23:32:11","slug":"hard-money-loan","status":"publish","type":"page","link":"https:\/\/lend-ease.com\/es\/hard-money-loan\/","title":{"rendered":"Pr\u00e9stamo de Capital Privado"},"content":{"rendered":"<div data-elementor-type=\"wp-page\" data-elementor-id=\"1398\" class=\"elementor elementor-1398\" data-elementor-post-type=\"page\">\n\t\t\t\t<div class=\"elementor-element elementor-element-0335ffa e-flex e-con-boxed e-con e-parent\" data-id=\"0335ffa\" data-element_type=\"container\" data-settings=\"{&quot;background_background&quot;:&quot;classic&quot;}\">\n\t\t\t\t\t<div class=\"e-con-inner\">\n\t\t\t\t<div class=\"elementor-element elementor-element-91ff32f elementor-widget elementor-widget-heading\" data-id=\"91ff32f\" data-element_type=\"widget\" data-widget_type=\"heading.default\">\n\t\t\t\t<div class=\"elementor-widget-container\">\n\t\t\t<h1 class=\"elementor-heading-title elementor-size-default\">Pr\u00e9stamo de Capital Privado<\/h1>\t\t<\/div>\n\t\t\t\t<\/div>\n\t\t\t\t\t<\/div>\n\t\t\t\t<\/div>\n\t\t<div class=\"elementor-element elementor-element-10f0492 e-flex e-con-boxed e-con e-parent\" data-id=\"10f0492\" data-element_type=\"container\">\n\t\t\t\t\t<div class=\"e-con-inner\">\n\t\t\t\t<div class=\"elementor-element elementor-element-ceff210 elementor-widget elementor-widget-spacer\" data-id=\"ceff210\" data-element_type=\"widget\" data-widget_type=\"spacer.default\">\n\t\t\t\t<div class=\"elementor-widget-container\">\n\t\t\t\t\t<div class=\"elementor-spacer\">\n\t\t\t<div class=\"elementor-spacer-inner\"><\/div>\n\t\t<\/div>\n\t\t\t\t<\/div>\n\t\t\t\t<\/div>\n\t\t\t\t\t<\/div>\n\t\t\t\t<\/div>\n\t\t<div class=\"elementor-element elementor-element-fb72109 e-flex e-con-boxed e-con e-parent\" data-id=\"fb72109\" data-element_type=\"container\">\n\t\t\t\t\t<div class=\"e-con-inner\">\n\t\t\t\t<div class=\"elementor-element elementor-element-15ee115 elementor-widget elementor-widget-text-editor\" data-id=\"15ee115\" data-element_type=\"widget\" data-widget_type=\"text-editor.default\">\n\t\t\t\t<div class=\"elementor-widget-container\">\n\t\t\t\t\t\t\t<p>Descubre el poder de los Pr\u00e9stamos de Dinero Duro con LendEase. Con nuestras opciones de Pr\u00e9stamo de Dinero Duro, puedes aprovechar hasta el 70% del valor de la propiedad, lo que lo convierte en una opci\u00f3n ideal para inversionistas inmobiliarios que buscan soluciones de financiamiento r\u00e1pidas y flexibles. Ya seas un inversionista experimentado o un comprador primerizo, nuestros Pr\u00e9stamos de Dinero Duro se adaptan a tus necesidades espec\u00edficas, ofreciendo cierres r\u00e1pidos y condiciones competitivas. Adem\u00e1s, sin penalizaciones por pago anticipado, tienes la libertad de liquidar tu pr\u00e9stamo en tu conveniencia. \u00bfListo para dar el siguiente paso en tu trayectoria inmobiliaria? Cont\u00e1ctanos hoy para conocer m\u00e1s sobre nuestras opciones de Pr\u00e9stamo de Dinero Duro y comienza a alcanzar tus objetivos de inversi\u00f3n.<\/p>\t\t\t\t\t\t<\/div>\n\t\t\t\t<\/div>\n\t\t\t\t\t<\/div>\n\t\t\t\t<\/div>\n\t\t<div class=\"elementor-element elementor-element-4061771 e-flex e-con-boxed e-con e-parent\" data-id=\"4061771\" data-element_type=\"container\">\n\t\t\t\t\t<div class=\"e-con-inner\">\n\t\t<div class=\"elementor-element elementor-element-60717ce e-con-full e-flex e-con e-child\" data-id=\"60717ce\" data-element_type=\"container\">\n\t\t\t\t<div class=\"elementor-element elementor-element-94ba856 elementor-widget elementor-widget-heading\" data-id=\"94ba856\" data-element_type=\"widget\" data-widget_type=\"heading.default\">\n\t\t\t\t<div class=\"elementor-widget-container\">\n\t\t\t<h2 class=\"elementor-heading-title elementor-size-default\">Caracter\u00edsticas clave:<\/h2>\t\t<\/div>\n\t\t\t\t<\/div>\n\t\t\t\t<div class=\"elementor-element elementor-element-6be3648 elementor-widget elementor-widget-text-editor\" data-id=\"6be3648\" data-element_type=\"widget\" data-widget_type=\"text-editor.default\">\n\t\t\t\t<div class=\"elementor-widget-container\">\n\t\t\t\t\t\t\t<ul><li><p><strong>LTV (Pr\u00e9stamo a Valor) Hasta el 70%:<\/strong> Ofrecemos financiamiento de hasta el 70% del valor de la propiedad.<\/p><\/li><li><p><strong>Pr\u00e9stamos para Extranjeros<\/strong> Soluciones de pr\u00e9stamos adaptadas para extranjeros que invierten en bienes ra\u00edces en los EE. UU.<\/p><\/li><li><p><strong>Financiamiento Vers\u00e1til:<\/strong> Ya seas comprador de una segunda vivienda o inversor, tenemos opciones de pr\u00e9stamos adecuadas para ti.<\/p><\/li><li><p><strong>Cierres R\u00e1pidos:<\/strong> Tiempos de respuesta r\u00e1pidos para varios tipos de propiedades, incluyendo residenciales, comerciales, condominios y pr\u00e9stamos para rehabilitaci\u00f3n.<\/p><\/li><\/ul>\t\t\t\t\t\t<\/div>\n\t\t\t\t<\/div>\n\t\t\t\t<\/div>\n\t\t<div class=\"elementor-element elementor-element-d7c8c9e e-con-full e-flex e-con e-child\" data-id=\"d7c8c9e\" data-element_type=\"container\">\n\t\t\t\t<div class=\"elementor-element elementor-element-adb753f elementor-widget elementor-widget-image\" data-id=\"adb753f\" data-element_type=\"widget\" data-widget_type=\"image.default\">\n\t\t\t\t<div class=\"elementor-widget-container\">\n\t\t\t\t\t\t\t\t\t\t\t\t\t<img fetchpriority=\"high\" decoding=\"async\" width=\"800\" height=\"534\" src=\"https:\/\/lend-ease.com\/wp-content\/uploads\/2024\/03\/miami-1-1024x683.jpg\" class=\"attachment-large size-large wp-image-1205\" alt=\"\" srcset=\"https:\/\/lend-ease.com\/wp-content\/uploads\/2024\/03\/miami-1-1024x683.jpg 1024w, https:\/\/lend-ease.com\/wp-content\/uploads\/2024\/03\/miami-1-300x200.jpg 300w, https:\/\/lend-ease.com\/wp-content\/uploads\/2024\/03\/miami-1-768x512.jpg 768w, https:\/\/lend-ease.com\/wp-content\/uploads\/2024\/03\/miami-1-1536x1024.jpg 1536w, https:\/\/lend-ease.com\/wp-content\/uploads\/2024\/03\/miami-1.jpg 2048w\" sizes=\"(max-width: 800px) 100vw, 800px\" \/>\t\t\t\t\t\t\t\t\t\t\t\t\t<\/div>\n\t\t\t\t<\/div>\n\t\t\t\t<\/div>\n\t\t\t\t\t<\/div>\n\t\t\t\t<\/div>\n\t\t<div class=\"elementor-element elementor-element-ead050c e-flex e-con-boxed e-con e-parent\" data-id=\"ead050c\" data-element_type=\"container\">\n\t\t\t\t\t<div class=\"e-con-inner\">\n\t\t<div class=\"elementor-element elementor-element-0b1b358 e-con-full e-flex e-con e-child\" data-id=\"0b1b358\" data-element_type=\"container\">\n\t\t\t\t<div class=\"elementor-element elementor-element-d7295c6 elementor-widget elementor-widget-heading\" data-id=\"d7295c6\" data-element_type=\"widget\" data-widget_type=\"heading.default\">\n\t\t\t\t<div class=\"elementor-widget-container\">\n\t\t\t<h2 class=\"elementor-heading-title elementor-size-default\">Productos de Pr\u00e9stamo<\/h2>\t\t<\/div>\n\t\t\t\t<\/div>\n\t\t\t\t<div class=\"elementor-element elementor-element-4f38112 elementor-widget elementor-widget-text-editor\" data-id=\"4f38112\" data-element_type=\"widget\" data-widget_type=\"text-editor.default\">\n\t\t\t\t<div class=\"elementor-widget-container\">\n\t\t\t\t\t\t\t<ul><li><strong>Pr\u00e9stamos Privados Directos:<\/strong> Opciones de pr\u00e9stamos directos para tus inversiones inmobiliarias.<\/li><li><strong>Pr\u00e9stamos para Reparar y Vender:<\/strong> Financiamiento adaptado para proyectos de renovaci\u00f3n y reventa de propiedades<\/li><li><strong>PR\u00c9STAMOS PARA PROPIEDAD COMERCIAL<\/strong> Soluciones de financiamiento flexibles para proyectos de bienes ra\u00edces comerciales.<\/li><li><strong>Pr\u00e9stamos Basados en Capital:<\/strong> Opciones de pr\u00e9stamos basadas en el capital de tu propiedad<\/li><li><strong>Pr\u00e9stamos para Extranjeros<\/strong> Productos de pr\u00e9stamo especializados dise\u00f1ados para inversores internacionales.<\/li><li><strong>Soluciones r\u00e1pidas de pr\u00e9stamos puente<\/strong> Soluciones de financiamiento r\u00e1pido para cubrir brechas financieras.<\/li><li><strong>Pr\u00e9stamos para la construcci\u00f3n<\/strong> Opciones de financiamiento para apoyar proyectos de construcci\u00f3n.<\/li><li><strong>Pr\u00e9stamos para Inversi\u00f3n Residencial:<\/strong> Financiamiento adaptado para propiedades residenciales de inversi\u00f3n.<\/li><li><strong>Pr\u00e9stamos para Desarrollo de Terrenos:<\/strong> Soluciones de financiamiento para proyectos de desarrollo de terrenos.<\/li><li><strong>Pr\u00e9stamos para Inversi\u00f3n en Multifamiliares:<\/strong> Opciones de pr\u00e9stamos para la adquisici\u00f3n de propiedades multifamiliares.<\/li><li><strong>Pr\u00e9stamos Basados en Activos (Dinero Duro):<\/strong> Opciones de pr\u00e9stamos directos para tus inversiones inmobiliarias.<\/li><\/ul>\t\t\t\t\t\t<\/div>\n\t\t\t\t<\/div>\n\t\t\t\t<\/div>\n\t\t<div class=\"elementor-element elementor-element-a435c87 e-con-full e-flex e-con e-child\" data-id=\"a435c87\" data-element_type=\"container\" data-settings=\"{&quot;background_background&quot;:&quot;classic&quot;}\">\n\t\t\t\t<div class=\"elementor-element elementor-element-b183b05 elementor-hidden-desktop elementor-hidden-tablet elementor-widget elementor-widget-spacer\" data-id=\"b183b05\" data-element_type=\"widget\" data-widget_type=\"spacer.default\">\n\t\t\t\t<div class=\"elementor-widget-container\">\n\t\t\t\t\t<div class=\"elementor-spacer\">\n\t\t\t<div class=\"elementor-spacer-inner\"><\/div>\n\t\t<\/div>\n\t\t\t\t<\/div>\n\t\t\t\t<\/div>\n\t\t\t\t<\/div>\n\t\t\t\t\t<\/div>\n\t\t\t\t<\/div>\n\t\t<div class=\"elementor-element elementor-element-347574c e-flex e-con-boxed e-con e-parent\" data-id=\"347574c\" data-element_type=\"container\">\n\t\t\t\t\t<div class=\"e-con-inner\">\n\t\t<div class=\"elementor-element elementor-element-8ae7e0d e-con-full e-flex e-con e-child\" data-id=\"8ae7e0d\" data-element_type=\"container\">\n\t\t\t\t<div class=\"elementor-element elementor-element-a646043 elementor-widget elementor-widget-heading\" data-id=\"a646043\" data-element_type=\"widget\" data-widget_type=\"heading.default\">\n\t\t\t\t<div class=\"elementor-widget-container\">\n\t\t\t<h2 class=\"elementor-heading-title elementor-size-default\">Proceso de Pr\u00e9stamo<\/h2>\t\t<\/div>\n\t\t\t\t<\/div>\n\t\t\t\t<div class=\"elementor-element elementor-element-4476d8d elementor-widget elementor-widget-text-editor\" data-id=\"4476d8d\" data-element_type=\"widget\" data-widget_type=\"text-editor.default\">\n\t\t\t\t<div class=\"elementor-widget-container\">\n\t\t\t\t\t\t\t<ul><li>Bajo Escritura: Una vez que tu solicitud de pr\u00e9stamo cumpla con nuestros criterios b\u00e1sicos, procederemos a preparar una Hoja de T\u00e9rminos.<\/li><li>Acuerdo de Hoja de T\u00e9rminos: Una vez que se haya acordado la Hoja de T\u00e9rminos, avanzamos con el proceso de cierre.<\/li><li>Cierre del Pr\u00e9stamo: Los pr\u00e9stamos generalmente se cierran en un plazo de 4 a 8 d\u00edas despu\u00e9s de que se firme la Hoja de T\u00e9rminos.<\/li><li>Servicio: Los desembolsos de construcci\u00f3n y otros t\u00e9rminos se describir\u00e1n en la documentaci\u00f3n hipotecaria.<\/li><li>Pago Total: No hay penalizaciones por pago anticipado si decides liquidar tu pr\u00e9stamo antes del vencimiento. Facilitamos un proceso de pago total fluido y oportuno.<\/li><\/ul>\t\t\t\t\t\t<\/div>\n\t\t\t\t<\/div>\n\t\t\t\t<\/div>\n\t\t<div class=\"elementor-element elementor-element-330be9a e-con-full e-flex e-con e-child\" data-id=\"330be9a\" data-element_type=\"container\">\n\t\t\t\t<div class=\"elementor-element elementor-element-bcd9a99 elementor-widget elementor-widget-image\" data-id=\"bcd9a99\" data-element_type=\"widget\" data-widget_type=\"image.default\">\n\t\t\t\t<div class=\"elementor-widget-container\">\n\t\t\t\t\t\t\t\t\t\t\t\t\t<img decoding=\"async\" width=\"724\" height=\"483\" src=\"https:\/\/lend-ease.com\/wp-content\/uploads\/2024\/03\/mortgage.jpeg\" class=\"attachment-large size-large wp-image-1371\" alt=\"\" srcset=\"https:\/\/lend-ease.com\/wp-content\/uploads\/2024\/03\/mortgage.jpeg 724w, https:\/\/lend-ease.com\/wp-content\/uploads\/2024\/03\/mortgage-300x200.jpeg 300w\" sizes=\"(max-width: 724px) 100vw, 724px\" \/>\t\t\t\t\t\t\t\t\t\t\t\t\t<\/div>\n\t\t\t\t<\/div>\n\t\t\t\t<\/div>\n\t\t\t\t\t<\/div>\n\t\t\t\t<\/div>\n\t\t<div class=\"elementor-element elementor-element-e0ee8e4 e-flex e-con-boxed e-con e-parent\" data-id=\"e0ee8e4\" data-element_type=\"container\">\n\t\t\t\t\t<div class=\"e-con-inner\">\n\t\t\t\t<div class=\"elementor-element elementor-element-9f80aa1 elementor-widget elementor-widget-text-editor\" data-id=\"9f80aa1\" data-element_type=\"widget\" data-widget_type=\"text-editor.default\">\n\t\t\t\t<div class=\"elementor-widget-container\">\n\t\t\t\t\t\t\t<p>\u00bfListo para explorar tus opciones de pr\u00e9stamos de dinero duro para bienes ra\u00edces? <strong>Cont\u00e1ctanos<\/strong> Hablar con un especialista en pr\u00e9stamos y discutir tus necesidades de financiamiento.<\/p>\t\t\t\t\t\t<\/div>\n\t\t\t\t<\/div>\n\t\t\t\t\t<\/div>\n\t\t\t\t<\/div>\n\t\t<div class=\"elementor-element elementor-element-2afb8c5 e-flex e-con-boxed e-con e-parent\" data-id=\"2afb8c5\" data-element_type=\"container\" data-settings=\"{&quot;background_background&quot;:&quot;classic&quot;}\">\n\t\t\t\t\t<div class=\"e-con-inner\">\n\t\t<div class=\"elementor-element elementor-element-fbf3271 e-con-full e-flex e-con e-child\" data-id=\"fbf3271\" data-element_type=\"container\">\n\t\t\t\t<div class=\"elementor-element elementor-element-e76ac66 elementor-widget elementor-widget-heading\" data-id=\"e76ac66\" data-element_type=\"widget\" data-widget_type=\"heading.default\">\n\t\t\t\t<div class=\"elementor-widget-container\">\n\t\t\t<h2 class=\"elementor-heading-title elementor-size-default\">S\u00c9 EL PRIMERO EN SABER.\n        <\/h2>\t\t<\/div>\n\t\t\t\t<\/div>\n\t\t\t\t<div class=\"elementor-element elementor-element-0040703 elementor-widget__width-initial elementor-widget elementor-widget-heading\" data-id=\"0040703\" data-element_type=\"widget\" data-widget_type=\"heading.default\">\n\t\t\t\t<div class=\"elementor-widget-container\">\n\t\t\t<p class=\"elementor-heading-title elementor-size-default\">Obt\u00e9n acceso exclusivo a nuestras \u00faltimas ideas y pr\u00f3ximos eventos.<\/p>\t\t<\/div>\n\t\t\t\t<\/div>\n\t\t\t\t<\/div>\n\t\t<div class=\"elementor-element elementor-element-50d0e16 e-con-full e-flex e-con e-child\" data-id=\"50d0e16\" data-element_type=\"container\">\n\t\t\t\t<div class=\"elementor-element elementor-element-4ed2dc3 elementor-align-left elementor-mobile-align-center elementor-widget__width-inherit elementor-widget elementor-widget-button\" data-id=\"4ed2dc3\" data-element_type=\"widget\" data-widget_type=\"button.default\">\n\t\t\t\t<div class=\"elementor-widget-container\">\n\t\t\t\t\t<div class=\"elementor-button-wrapper\">\n\t\t\t<a class=\"elementor-button elementor-button-link elementor-size-sm\" href=\"https:\/\/lend-ease.com\/es\/contact-us\/\">\n\t\t\t\t\t\t<span class=\"elementor-button-content-wrapper\">\n\t\t\t\t\t\t\t\t\t<span class=\"elementor-button-text\">REG\u00cdSTRATE AHORA<\/span>\n\t\t\t\t\t<\/span>\n\t\t\t\t\t<\/a>\n\t\t<\/div>\n\t\t\t\t<\/div>\n\t\t\t\t<\/div>\n\t\t\t\t<\/div>\n\t\t\t\t\t<\/div>\n\t\t\t\t<\/div>\n\t\t\t\t<\/div>","protected":false},"excerpt":{"rendered":"<p>Hard Money Loans Discover the power of Hard Money Loans with LendEase. With our Hard Money Loan options, you can leverage up to 70% of the property&#8217;s value, making it an ideal choice for real estate investors seeking swift and flexible financing solutions. Whether you&#8217;re a seasoned investor or a first-time buyer, our Hard Money [&hellip;]<\/p>","protected":false},"author":1,"featured_media":0,"parent":0,"menu_order":0,"comment_status":"closed","ping_status":"closed","template":"elementor_header_footer","meta":{"footnotes":""},"class_list":["post-1398","page","type-page","status-publish","hentry"],"_links":{"self":[{"href":"https:\/\/lend-ease.com\/es\/wp-json\/wp\/v2\/pages\/1398","targetHints":{"allow":["GET"]}}],"collection":[{"href":"https:\/\/lend-ease.com\/es\/wp-json\/wp\/v2\/pages"}],"about":[{"href":"https:\/\/lend-ease.com\/es\/wp-json\/wp\/v2\/types\/page"}],"author":[{"embeddable":true,"href":"https:\/\/lend-ease.com\/es\/wp-json\/wp\/v2\/users\/1"}],"replies":[{"embeddable":true,"href":"https:\/\/lend-ease.com\/es\/wp-json\/wp\/v2\/comments?post=1398"}],"version-history":[{"count":25,"href":"https:\/\/lend-ease.com\/es\/wp-json\/wp\/v2\/pages\/1398\/revisions"}],"predecessor-version":[{"id":1452,"href":"https:\/\/lend-ease.com\/es\/wp-json\/wp\/v2\/pages\/1398\/revisions\/1452"}],"wp:attachment":[{"href":"https:\/\/lend-ease.com\/es\/wp-json\/wp\/v2\/media?parent=1398"}],"curies":[{"name":"wp","href":"https:\/\/api.w.org\/{rel}","templated":true}]}}