{"id":136,"date":"2024-02-16T14:04:07","date_gmt":"2024-02-16T14:04:07","guid":{"rendered":"https:\/\/lend-ease.com\/?page_id=136"},"modified":"2024-03-06T12:09:09","modified_gmt":"2024-03-06T12:09:09","slug":"faq","status":"publish","type":"page","link":"https:\/\/lend-ease.com\/es\/faq\/","title":{"rendered":"Preguntas Frecuentes"},"content":{"rendered":"<div data-elementor-type=\"wp-page\" data-elementor-id=\"136\" class=\"elementor elementor-136\" data-elementor-post-type=\"page\">\n\t\t\t\t<div class=\"elementor-element elementor-element-3f2c7fb e-flex e-con-boxed e-con e-parent\" data-id=\"3f2c7fb\" data-element_type=\"container\" data-settings=\"{&quot;background_background&quot;:&quot;classic&quot;}\">\n\t\t\t\t\t<div class=\"e-con-inner\">\n\t\t\t\t<div class=\"elementor-element elementor-element-11ca75d elementor-widget elementor-widget-heading\" data-id=\"11ca75d\" data-element_type=\"widget\" data-widget_type=\"heading.default\">\n\t\t\t\t<div class=\"elementor-widget-container\">\n\t\t\t<h1 class=\"elementor-heading-title elementor-size-default\">Preguntas Frecuentes<\/h1>\t\t<\/div>\n\t\t\t\t<\/div>\n\t\t\t\t\t<\/div>\n\t\t\t\t<\/div>\n\t\t<div class=\"elementor-element elementor-element-d6c6cc8 e-flex e-con-boxed e-con e-parent\" data-id=\"d6c6cc8\" data-element_type=\"container\">\n\t\t\t\t\t<div class=\"e-con-inner\">\n\t\t\t\t<div class=\"elementor-element elementor-element-aa282b6 elementor-widget elementor-widget-heading\" data-id=\"aa282b6\" data-element_type=\"widget\" data-widget_type=\"heading.default\">\n\t\t\t\t<div class=\"elementor-widget-container\">\n\t\t\t<h2 class=\"elementor-heading-title elementor-size-default\">Apoyo en Pr\u00e9stamos<\/h2>\t\t<\/div>\n\t\t\t\t<\/div>\n\t\t<div class=\"elementor-element elementor-element-b25a7f9 e-con-full e-flex e-con e-child\" data-id=\"b25a7f9\" data-element_type=\"container\">\n\t\t<div class=\"elementor-element elementor-element-4ee860a e-con-full e-flex e-con e-child\" data-id=\"4ee860a\" data-element_type=\"container\">\n\t\t\t\t<div class=\"elementor-element elementor-element-26346db elementor-widget elementor-widget-accordion\" data-id=\"26346db\" data-element_type=\"widget\" data-widget_type=\"accordion.default\">\n\t\t\t\t<div class=\"elementor-widget-container\">\n\t\t\t\t\t<div class=\"elementor-accordion\">\n\t\t\t\t\t\t\t<div class=\"elementor-accordion-item\">\n\t\t\t\t\t<div id=\"elementor-tab-title-4001\" class=\"elementor-tab-title\" data-tab=\"1\" role=\"button\" aria-controls=\"elementor-tab-content-4001\" aria-expanded=\"false\">\n\t\t\t\t\t\t\t\t\t\t\t\t\t<span class=\"elementor-accordion-icon elementor-accordion-icon-right\" aria-hidden=\"true\">\n\t\t\t\t\t\t\t\t\t\t\t\t\t\t\t<span class=\"elementor-accordion-icon-closed\"><i class=\"fas fa-caret-right\"><\/i><\/span>\n\t\t\t\t\t\t\t\t<span class=\"elementor-accordion-icon-opened\"><i class=\"fas fa-caret-down\"><\/i><\/span>\n\t\t\t\t\t\t\t\t\t\t\t\t\t\t<\/span>\n\t\t\t\t\t\t\t\t\t\t\t\t<a class=\"elementor-accordion-title\" tabindex=\"0\">\u00bfCu\u00e1les son tus tasas hipotecarias?<\/a>\n\t\t\t\t\t<\/div>\n\t\t\t\t\t<div id=\"elementor-tab-content-4001\" class=\"elementor-tab-content elementor-clearfix\" data-tab=\"1\" role=\"region\" aria-labelledby=\"elementor-tab-title-4001\">Numerosos compradores de vivienda potenciales est\u00e1n interesados en las tasas hipotecarias actuales, las cuales pueden variar con el tiempo. Tu calificaci\u00f3n para una tasa espec\u00edfica est\u00e1 influenciada por factores como tu puntaje de cr\u00e9dito y otros criterios de elegibilidad.\n<br>\n<br>\nDebido a la naturaleza fluctuante de estas tasas, no podemos proporcionar una respuesta directa en esta p\u00e1gina. Sin embargo, si te comunicas con nosotros, podemos ofrecerte informaci\u00f3n sobre las tasas para las que podr\u00edas calificar.<\/div>\n\t\t\t\t<\/div>\n\t\t\t\t\t\t\t<div class=\"elementor-accordion-item\">\n\t\t\t\t\t<div id=\"elementor-tab-title-4002\" class=\"elementor-tab-title\" data-tab=\"2\" role=\"button\" aria-controls=\"elementor-tab-content-4002\" aria-expanded=\"false\">\n\t\t\t\t\t\t\t\t\t\t\t\t\t<span class=\"elementor-accordion-icon elementor-accordion-icon-right\" aria-hidden=\"true\">\n\t\t\t\t\t\t\t\t\t\t\t\t\t\t\t<span class=\"elementor-accordion-icon-closed\"><i class=\"fas fa-caret-right\"><\/i><\/span>\n\t\t\t\t\t\t\t\t<span class=\"elementor-accordion-icon-opened\"><i class=\"fas fa-caret-down\"><\/i><\/span>\n\t\t\t\t\t\t\t\t\t\t\t\t\t\t<\/span>\n\t\t\t\t\t\t\t\t\t\t\t\t<a class=\"elementor-accordion-title\" tabindex=\"0\">\u00bfCu\u00e1nto cuesta una hipoteca?<\/a>\n\t\t\t\t\t<\/div>\n\t\t\t\t\t<div id=\"elementor-tab-content-4002\" class=\"elementor-tab-content elementor-clearfix\" data-tab=\"2\" role=\"region\" aria-labelledby=\"elementor-tab-title-4002\"><p>El costo de una hipoteca est\u00e1 influenciado por diversos factores, incluyendo:<\/p><p>\u2013 La propiedad que est\u00e1s comprando<br \/>\u2013 El tipo de hipoteca que est\u00e1s asegurando<br \/>\u2013 Tus calificaciones y la tasa de inter\u00e9s que se te ofrece<br \/>\u2013 Tarifas asociadas y costos de cierre<\/p><p>Adem\u00e1s, se deben considerar otros gastos asociados a la propiedad, como el seguro hipotecario, los servicios p\u00fablicos, los impuestos sobre la propiedad y las tarifas de la asociaci\u00f3n de propietarios. Durante tu consulta, podemos ayudarte a estimar el costo de una hipoteca y determinar cu\u00e1nto hogar puedes permitirte.<\/p><\/div>\n\t\t\t\t<\/div>\n\t\t\t\t\t\t\t<div class=\"elementor-accordion-item\">\n\t\t\t\t\t<div id=\"elementor-tab-title-4003\" class=\"elementor-tab-title\" data-tab=\"3\" role=\"button\" aria-controls=\"elementor-tab-content-4003\" aria-expanded=\"false\">\n\t\t\t\t\t\t\t\t\t\t\t\t\t<span class=\"elementor-accordion-icon elementor-accordion-icon-right\" aria-hidden=\"true\">\n\t\t\t\t\t\t\t\t\t\t\t\t\t\t\t<span class=\"elementor-accordion-icon-closed\"><i class=\"fas fa-caret-right\"><\/i><\/span>\n\t\t\t\t\t\t\t\t<span class=\"elementor-accordion-icon-opened\"><i class=\"fas fa-caret-down\"><\/i><\/span>\n\t\t\t\t\t\t\t\t\t\t\t\t\t\t<\/span>\n\t\t\t\t\t\t\t\t\t\t\t\t<a class=\"elementor-accordion-title\" tabindex=\"0\">\u00bfCon qu\u00e9 rapidez pueden cerrar?<\/a>\n\t\t\t\t\t<\/div>\n\t\t\t\t\t<div id=\"elementor-tab-content-4003\" class=\"elementor-tab-content elementor-clearfix\" data-tab=\"3\" role=\"region\" aria-labelledby=\"elementor-tab-title-4003\"><p>El plazo para el cierre puede variar seg\u00fan los detalles de tu pr\u00e9stamo hipotecario y el proceso de evaluaci\u00f3n. Sin embargo, normalmente, nuestro objetivo es cerrar en un plazo de 30 d\u00edas. Para una estimaci\u00f3n m\u00e1s precisa, podemos proporcionarte detalles durante tu consulta para que puedas estar preparado.<\/p><\/div>\n\t\t\t\t<\/div>\n\t\t\t\t\t\t\t<div class=\"elementor-accordion-item\">\n\t\t\t\t\t<div id=\"elementor-tab-title-4004\" class=\"elementor-tab-title\" data-tab=\"4\" role=\"button\" aria-controls=\"elementor-tab-content-4004\" aria-expanded=\"false\">\n\t\t\t\t\t\t\t\t\t\t\t\t\t<span class=\"elementor-accordion-icon elementor-accordion-icon-right\" aria-hidden=\"true\">\n\t\t\t\t\t\t\t\t\t\t\t\t\t\t\t<span class=\"elementor-accordion-icon-closed\"><i class=\"fas fa-caret-right\"><\/i><\/span>\n\t\t\t\t\t\t\t\t<span class=\"elementor-accordion-icon-opened\"><i class=\"fas fa-caret-down\"><\/i><\/span>\n\t\t\t\t\t\t\t\t\t\t\t\t\t\t<\/span>\n\t\t\t\t\t\t\t\t\t\t\t\t<a class=\"elementor-accordion-title\" tabindex=\"0\">\u00bfQu\u00e9 puntaje de cr\u00e9dito necesito para comprar una casa?<\/a>\n\t\t\t\t\t<\/div>\n\t\t\t\t\t<div id=\"elementor-tab-content-4004\" class=\"elementor-tab-content elementor-clearfix\" data-tab=\"4\" role=\"region\" aria-labelledby=\"elementor-tab-title-4004\"><p>El puntaje de cr\u00e9dito m\u00ednimo requerido para comprar una casa depende del tipo de pr\u00e9stamo hipotecario para el que est\u00e9s solicitando. Tu ratio de deuda a ingresos (DTI), ingresos y activos tambi\u00e9n juegan un papel en determinar tu elegibilidad.<\/p><p>Los productos hipotecarios respaldados por el gobierno, como los pr\u00e9stamos FHA, VA y USDA, est\u00e1n disponibles para quienes tienen puntajes de cr\u00e9dito menos que ideales. Contactarnos te permitir\u00e1 obtener m\u00e1s informaci\u00f3n sobre estos productos de pr\u00e9stamo y ayudarte a evaluar tu elegibilidad.<\/p><p>Adem\u00e1s, podemos ofrecerte consejos personalizados sobre c\u00f3mo mejorar tu puntaje de cr\u00e9dito. Puede que te sorprenda el impacto que puedes lograr en un per\u00edodo relativamente corto.<\/p><\/div>\n\t\t\t\t<\/div>\n\t\t\t\t\t\t\t\t<\/div>\n\t\t\t\t<\/div>\n\t\t\t\t<\/div>\n\t\t\t\t<\/div>\n\t\t<div class=\"elementor-element elementor-element-bb8bdfa e-con-full e-flex e-con e-child\" data-id=\"bb8bdfa\" data-element_type=\"container\">\n\t\t\t\t<div class=\"elementor-element elementor-element-4a0e15a elementor-widget elementor-widget-accordion\" data-id=\"4a0e15a\" data-element_type=\"widget\" data-widget_type=\"accordion.default\">\n\t\t\t\t<div class=\"elementor-widget-container\">\n\t\t\t\t\t<div class=\"elementor-accordion\">\n\t\t\t\t\t\t\t<div class=\"elementor-accordion-item\">\n\t\t\t\t\t<div id=\"elementor-tab-title-7761\" class=\"elementor-tab-title\" data-tab=\"1\" role=\"button\" aria-controls=\"elementor-tab-content-7761\" aria-expanded=\"false\">\n\t\t\t\t\t\t\t\t\t\t\t\t\t<span class=\"elementor-accordion-icon elementor-accordion-icon-right\" aria-hidden=\"true\">\n\t\t\t\t\t\t\t\t\t\t\t\t\t\t\t<span class=\"elementor-accordion-icon-closed\"><i class=\"fas fa-caret-right\"><\/i><\/span>\n\t\t\t\t\t\t\t\t<span class=\"elementor-accordion-icon-opened\"><i class=\"fas fa-caret-down\"><\/i><\/span>\n\t\t\t\t\t\t\t\t\t\t\t\t\t\t<\/span>\n\t\t\t\t\t\t\t\t\t\t\t\t<a class=\"elementor-accordion-title\" tabindex=\"0\">\u00bfPuedo comprar una casa si soy trabajador por cuenta propia?<\/a>\n\t\t\t\t\t<\/div>\n\t\t\t\t\t<div id=\"elementor-tab-content-7761\" class=\"elementor-tab-content elementor-clearfix\" data-tab=\"1\" role=\"region\" aria-labelledby=\"elementor-tab-title-7761\"><p>\u00a1Por supuesto! Ser trabajador por cuenta propia ya no es un impedimento para comprar una casa. De hecho, es bastante com\u00fan que los compradores sean trabajadores por cuenta propia, tengan m\u00faltiples fuentes de ingresos o se encuentren en otras situaciones laborales no tradicionales.<\/p><p>Ofrecemos un proceso de pr\u00e9stamo especializado adaptado para prestatarios que trabajan por cuenta propia. No necesitas un formulario W-2 para solicitar una hipoteca con nosotros, por lo que tu estatus laboral no obstaculizar\u00e1 tu proceso de compra de vivienda. Nuestra experiencia en este \u00e1rea nos permite guiarte r\u00e1pidamente a trav\u00e9s del proceso de solicitud, ayud\u00e1ndote a cerrar la compra de tu nuevo hogar de manera eficiente.<\/p><\/div>\n\t\t\t\t<\/div>\n\t\t\t\t\t\t\t<div class=\"elementor-accordion-item\">\n\t\t\t\t\t<div id=\"elementor-tab-title-7762\" class=\"elementor-tab-title\" data-tab=\"2\" role=\"button\" aria-controls=\"elementor-tab-content-7762\" aria-expanded=\"false\">\n\t\t\t\t\t\t\t\t\t\t\t\t\t<span class=\"elementor-accordion-icon elementor-accordion-icon-right\" aria-hidden=\"true\">\n\t\t\t\t\t\t\t\t\t\t\t\t\t\t\t<span class=\"elementor-accordion-icon-closed\"><i class=\"fas fa-caret-right\"><\/i><\/span>\n\t\t\t\t\t\t\t\t<span class=\"elementor-accordion-icon-opened\"><i class=\"fas fa-caret-down\"><\/i><\/span>\n\t\t\t\t\t\t\t\t\t\t\t\t\t\t<\/span>\n\t\t\t\t\t\t\t\t\t\t\t\t<a class=\"elementor-accordion-title\" tabindex=\"0\">\u00bfQu\u00e9 pago inicial necesito?<\/a>\n\t\t\t\t\t<\/div>\n\t\t\t\t\t<div id=\"elementor-tab-content-7762\" class=\"elementor-tab-content elementor-clearfix\" data-tab=\"2\" role=\"region\" aria-labelledby=\"elementor-tab-title-7762\"><p>El pago inicial requerido para comprar una casa var\u00eda seg\u00fan el producto hipotecario que elijas y tus calificaciones como comprador de vivienda.<\/p><p>Para aquellos que buscan minimizar su pago inicial, podemos recomendar varias opciones de hipoteca. Los pr\u00e9stamos FHA ofrecen pagos iniciales bajos, mientras que las hipotecas USDA y VA no requieren ning\u00fan pago inicial. Las hipotecas convencionales tambi\u00e9n podr\u00edan ser una buena opci\u00f3n si tienes calificaciones s\u00f3lidas.<\/p><p>Si tienes dificultades para reunir los fondos necesarios para tu pago inicial, tambi\u00e9n podemos asistirte en la exploraci\u00f3n de programas de asistencia para el pago inicial.<\/p><\/div>\n\t\t\t\t<\/div>\n\t\t\t\t\t\t\t<div class=\"elementor-accordion-item\">\n\t\t\t\t\t<div id=\"elementor-tab-title-7763\" class=\"elementor-tab-title\" data-tab=\"3\" role=\"button\" aria-controls=\"elementor-tab-content-7763\" aria-expanded=\"false\">\n\t\t\t\t\t\t\t\t\t\t\t\t\t<span class=\"elementor-accordion-icon elementor-accordion-icon-right\" aria-hidden=\"true\">\n\t\t\t\t\t\t\t\t\t\t\t\t\t\t\t<span class=\"elementor-accordion-icon-closed\"><i class=\"fas fa-caret-right\"><\/i><\/span>\n\t\t\t\t\t\t\t\t<span class=\"elementor-accordion-icon-opened\"><i class=\"fas fa-caret-down\"><\/i><\/span>\n\t\t\t\t\t\t\t\t\t\t\t\t\t\t<\/span>\n\t\t\t\t\t\t\t\t\t\t\t\t<a class=\"elementor-accordion-title\" tabindex=\"0\">\u00bfPor qu\u00e9 deber\u00eda elegirte?<\/a>\n\t\t\t\t\t<\/div>\n\t\t\t\t\t<div id=\"elementor-tab-content-7763\" class=\"elementor-tab-content elementor-clearfix\" data-tab=\"3\" role=\"region\" aria-labelledby=\"elementor-tab-title-7763\"><p>Como corredores de hipotecas mayoristas, ofrecemos varias ventajas a nuestros clientes:<\/p><ul><li>Opciones de Pr\u00e9stamo Diversas: Con nuestras conexiones con diversos prestamistas, incluidos bancos, cooperativas de cr\u00e9dito y financiadores privados, ofrecemos acceso a una gama m\u00e1s amplia de productos y programas de pr\u00e9stamos de los que podr\u00edas encontrar con prestamistas minoristas. Podemos ayudarte a identificar las mejores opciones de pr\u00e9stamo adaptadas a tu situaci\u00f3n financiera espec\u00edfica y objetivos.<\/li><li>Tasas y Tarifas Competitivas: Ofrecemos acceso a tasas y precios mayoristas, que pueden ser m\u00e1s competitivos que los disponibles a trav\u00e9s de bancos o prestamistas minoristas. Al utilizar nuestra red de prestamistas, podemos negociar mejores t\u00e9rminos, lo que podr\u00eda ahorrarte dinero a lo largo de la vida de tu pr\u00e9stamo.<\/li><li>Orientaci\u00f3n Experta: Nuestro equipo ofrece orientaci\u00f3n personalizada para ayudarte a navegar por el proceso hipotecario, entender las diferentes opciones de pr\u00e9stamos y encontrar la soluci\u00f3n m\u00e1s adecuada para tus necesidades. Nuestra experiencia puede ser especialmente valiosa si tienes una situaci\u00f3n financiera o historial crediticio \u00fanico.<\/li><\/ul><\/div>\n\t\t\t\t<\/div>\n\t\t\t\t\t\t\t\t<\/div>\n\t\t\t\t<\/div>\n\t\t\t\t<\/div>\n\t\t\t\t<\/div>\n\t\t\t\t<\/div>\n\t\t\t\t\t<\/div>\n\t\t\t\t<\/div>\n\t\t<div class=\"elementor-element elementor-element-7606254 e-flex e-con-boxed e-con e-parent\" data-id=\"7606254\" data-element_type=\"container\" data-settings=\"{&quot;background_background&quot;:&quot;classic&quot;,&quot;shape_divider_top&quot;:&quot;tilt&quot;,&quot;shape_divider_bottom&quot;:&quot;tilt&quot;}\">\n\t\t\t\t\t<div class=\"e-con-inner\">\n\t\t\t\t<div class=\"elementor-shape elementor-shape-top\" data-negative=\"false\">\n\t\t\t<svg xmlns=\"http:\/\/www.w3.org\/2000\/svg\" viewbox=\"0 0 1000 100\" preserveaspectratio=\"none\">\n\t<path class=\"elementor-shape-fill\" d=\"M0,6V0h1000v100L0,6z\"\/>\n<\/svg>\t\t<\/div>\n\t\t\t\t<div class=\"elementor-shape elementor-shape-bottom\" data-negative=\"false\">\n\t\t\t<svg xmlns=\"http:\/\/www.w3.org\/2000\/svg\" viewbox=\"0 0 1000 100\" preserveaspectratio=\"none\">\n\t<path class=\"elementor-shape-fill\" d=\"M0,6V0h1000v100L0,6z\"\/>\n<\/svg>\t\t<\/div>\n\t\t<div class=\"elementor-element elementor-element-48ce0b6 e-con-full e-flex e-con e-child\" data-id=\"48ce0b6\" data-element_type=\"container\">\n\t\t\t\t<div class=\"elementor-element elementor-element-0e14926 elementor-widget elementor-widget-heading\" data-id=\"0e14926\" data-element_type=\"widget\" data-widget_type=\"heading.default\">\n\t\t\t\t<div class=\"elementor-widget-container\">\n\t\t\t<h2 class=\"elementor-heading-title elementor-size-default\">POR QU\u00c9 ELEGIRNOS?<\/h2>\t\t<\/div>\n\t\t\t\t<\/div>\n\t\t\t\t<div class=\"elementor-element elementor-element-72f8ca6 elementor-widget elementor-widget-heading\" data-id=\"72f8ca6\" data-element_type=\"widget\" data-widget_type=\"heading.default\">\n\t\t\t\t<div class=\"elementor-widget-container\">\n\t\t\t<p class=\"elementor-heading-title elementor-size-default\">Nuestros expertos en pr\u00e9stamos est\u00e1n comprometidos a brindar una experiencia hipotecaria perfecta, gracias a nuestro proceso simplificado y total transparencia desde la solicitud hasta el financiamiento.<\/p>\t\t<\/div>\n\t\t\t\t<\/div>\n\t\t<div class=\"elementor-element elementor-element-1d7c74c e-con-full e-flex e-con e-child\" data-id=\"1d7c74c\" data-element_type=\"container\">\n\t\t<div class=\"elementor-element elementor-element-0a02bec e-con-full e-flex e-con e-child\" data-id=\"0a02bec\" data-element_type=\"container\" data-settings=\"{&quot;background_background&quot;:&quot;classic&quot;}\">\n\t\t\t\t<div class=\"elementor-element elementor-element-1a3e1e1 elementor-view-stacked elementor-shape-circle elementor-position-top elementor-mobile-position-top elementor-widget elementor-widget-icon-box\" data-id=\"1a3e1e1\" data-element_type=\"widget\" data-widget_type=\"icon-box.default\">\n\t\t\t\t<div class=\"elementor-widget-container\">\n\t\t\t\t\t<div class=\"elementor-icon-box-wrapper\">\n\n\t\t\t\t\t\t<div class=\"elementor-icon-box-icon\">\n\t\t\t\t<span  class=\"elementor-icon elementor-animation-\">\n\t\t\t\t<i aria-hidden=\"true\" class=\"fas fa-user-alt\"><\/i>\t\t\t\t<\/span>\n\t\t\t<\/div>\n\t\t\t\n\t\t\t\t\t\t<div class=\"elementor-icon-box-content\">\n\n\t\t\t\t\t\t\t\t\t<h3 class=\"elementor-icon-box-title\">\n\t\t\t\t\t\t<span  >\n\t\t\t\t\t\t\tEXPERIENCIA LOCAL\t\t\t\t\t\t<\/span>\n\t\t\t\t\t<\/h3>\n\t\t\t\t\n\t\t\t\t\t\t\t\t\t<p class=\"elementor-icon-box-description\">\n\t\t\t\t\t\tCon una s\u00f3lida trayectoria de 10 a\u00f1os en el \u00e1mbito de la financiaci\u00f3n inmobiliaria, nuestro equipo y nuestra empresa son expertos experimentados y ofrecen constantemente soluciones impactantes en el mercado local en constante evoluci\u00f3n.\t\t\t\t\t<\/p>\n\t\t\t\t\n\t\t\t<\/div>\n\t\t\t\n\t\t<\/div>\n\t\t\t\t<\/div>\n\t\t\t\t<\/div>\n\t\t\t\t<\/div>\n\t\t<div class=\"elementor-element elementor-element-bae6b15 e-con-full e-flex e-con e-child\" data-id=\"bae6b15\" data-element_type=\"container\" data-settings=\"{&quot;background_background&quot;:&quot;classic&quot;}\">\n\t\t\t\t<div class=\"elementor-element elementor-element-94d96c6 elementor-view-stacked elementor-shape-circle elementor-position-top elementor-mobile-position-top elementor-widget elementor-widget-icon-box\" data-id=\"94d96c6\" data-element_type=\"widget\" data-widget_type=\"icon-box.default\">\n\t\t\t\t<div class=\"elementor-widget-container\">\n\t\t\t\t\t<div class=\"elementor-icon-box-wrapper\">\n\n\t\t\t\t\t\t<div class=\"elementor-icon-box-icon\">\n\t\t\t\t<span  class=\"elementor-icon elementor-animation-\">\n\t\t\t\t<i aria-hidden=\"true\" class=\"fas fa-chart-line\"><\/i>\t\t\t\t<\/span>\n\t\t\t<\/div>\n\t\t\t\n\t\t\t\t\t\t<div class=\"elementor-icon-box-content\">\n\n\t\t\t\t\t\t\t\t\t<h3 class=\"elementor-icon-box-title\">\n\t\t\t\t\t\t<span  >\n\t\t\t\t\t\t\tVENTANILLA \u00daNICA\t\t\t\t\t\t<\/span>\n\t\t\t\t\t<\/h3>\n\t\t\t\t\n\t\t\t\t\t\t\t\t\t<p class=\"elementor-icon-box-description\">\n\t\t\t\t\t\tComparta sus objetivos y presupuesto con nosotros y le presentaremos las mejores opciones hipotecarias, gui\u00e1ndolo r\u00e1pidamente a la mesa de cierre.\t\t\t\t\t<\/p>\n\t\t\t\t\n\t\t\t<\/div>\n\t\t\t\n\t\t<\/div>\n\t\t\t\t<\/div>\n\t\t\t\t<\/div>\n\t\t\t\t<\/div>\n\t\t<div class=\"elementor-element elementor-element-7b0d2ca e-con-full e-flex e-con e-child\" data-id=\"7b0d2ca\" data-element_type=\"container\" data-settings=\"{&quot;background_background&quot;:&quot;classic&quot;}\">\n\t\t\t\t<div class=\"elementor-element elementor-element-8d92aac elementor-view-stacked elementor-shape-circle elementor-position-top elementor-mobile-position-top elementor-widget elementor-widget-icon-box\" data-id=\"8d92aac\" data-element_type=\"widget\" data-widget_type=\"icon-box.default\">\n\t\t\t\t<div class=\"elementor-widget-container\">\n\t\t\t\t\t<div class=\"elementor-icon-box-wrapper\">\n\n\t\t\t\t\t\t<div class=\"elementor-icon-box-icon\">\n\t\t\t\t<span  class=\"elementor-icon elementor-animation-\">\n\t\t\t\t<i aria-hidden=\"true\" class=\"fas fa-users-cog\"><\/i>\t\t\t\t<\/span>\n\t\t\t<\/div>\n\t\t\t\n\t\t\t\t\t\t<div class=\"elementor-icon-box-content\">\n\n\t\t\t\t\t\t\t\t\t<h3 class=\"elementor-icon-box-title\">\n\t\t\t\t\t\t<span  >\n\t\t\t\t\t\t\tATENCI\u00d3N AL CLIENTE\t\t\t\t\t\t<\/span>\n\t\t\t\t\t<\/h3>\n\t\t\t\t\n\t\t\t\t\t\t\t\t\t<p class=\"elementor-icon-box-description\">\n\t\t\t\t\t\tNuestro equipo ofrece asistencia personalizada adaptada a sus necesidades y preferencias de comunicaci\u00f3n.\t\t\t\t\t<\/p>\n\t\t\t\t\n\t\t\t<\/div>\n\t\t\t\n\t\t<\/div>\n\t\t\t\t<\/div>\n\t\t\t\t<\/div>\n\t\t\t\t<\/div>\n\t\t\t\t<\/div>\n\t\t\t\t<\/div>\n\t\t\t\t\t<\/div>\n\t\t\t\t<\/div>\n\t\t<div class=\"elementor-element elementor-element-eb26ac8 e-flex e-con-boxed e-con e-parent\" data-id=\"eb26ac8\" data-element_type=\"container\" data-settings=\"{&quot;background_background&quot;:&quot;classic&quot;}\">\n\t\t\t\t\t<div class=\"e-con-inner\">\n\t\t<div class=\"elementor-element elementor-element-b8092c8 e-con-full e-flex e-con e-child\" data-id=\"b8092c8\" data-element_type=\"container\">\n\t\t\t\t<div class=\"elementor-element elementor-element-97b7e78 elementor-widget elementor-widget-heading\" data-id=\"97b7e78\" data-element_type=\"widget\" data-widget_type=\"heading.default\">\n\t\t\t\t<div class=\"elementor-widget-container\">\n\t\t\t<h2 class=\"elementor-heading-title elementor-size-default\">S\u00c9 EL PRIMERO EN SABER.\n        <\/h2>\t\t<\/div>\n\t\t\t\t<\/div>\n\t\t\t\t<div class=\"elementor-element elementor-element-638cd69 elementor-widget__width-initial elementor-widget elementor-widget-heading\" data-id=\"638cd69\" data-element_type=\"widget\" data-widget_type=\"heading.default\">\n\t\t\t\t<div class=\"elementor-widget-container\">\n\t\t\t<p class=\"elementor-heading-title elementor-size-default\">Obt\u00e9n acceso exclusivo a nuestras \u00faltimas ideas y pr\u00f3ximos eventos.<\/p>\t\t<\/div>\n\t\t\t\t<\/div>\n\t\t\t\t<\/div>\n\t\t<div class=\"elementor-element elementor-element-bb14909 e-con-full e-flex e-con e-child\" data-id=\"bb14909\" data-element_type=\"container\">\n\t\t\t\t<div class=\"elementor-element elementor-element-8c6ef0a elementor-align-left elementor-mobile-align-center elementor-widget__width-inherit elementor-widget elementor-widget-button\" data-id=\"8c6ef0a\" data-element_type=\"widget\" data-widget_type=\"button.default\">\n\t\t\t\t<div class=\"elementor-widget-container\">\n\t\t\t\t\t<div class=\"elementor-button-wrapper\">\n\t\t\t<a class=\"elementor-button elementor-button-link elementor-size-sm\" href=\"https:\/\/lend-ease.com\/es\/contact-us\/\">\n\t\t\t\t\t\t<span class=\"elementor-button-content-wrapper\">\n\t\t\t\t\t\t\t\t\t<span class=\"elementor-button-text\">REG\u00cdSTRATE AHORA<\/span>\n\t\t\t\t\t<\/span>\n\t\t\t\t\t<\/a>\n\t\t<\/div>\n\t\t\t\t<\/div>\n\t\t\t\t<\/div>\n\t\t\t\t<\/div>\n\t\t\t\t\t<\/div>\n\t\t\t\t<\/div>\n\t\t\t\t<\/div>","protected":false},"excerpt":{"rendered":"<p>Frequently Asked Questions Loan Support What are your mortgage rates? Numerous prospective homebuyers are interested in current mortgage rates, which can vary over time. Your qualification for a specific rate is influenced by factors such as your credit score and other eligibility criteria. Due to the fluctuating nature of these rates, we are unable to [&hellip;]<\/p>","protected":false},"author":1,"featured_media":0,"parent":0,"menu_order":0,"comment_status":"closed","ping_status":"closed","template":"elementor_header_footer","meta":{"footnotes":""},"class_list":["post-136","page","type-page","status-publish","hentry"],"_links":{"self":[{"href":"https:\/\/lend-ease.com\/es\/wp-json\/wp\/v2\/pages\/136","targetHints":{"allow":["GET"]}}],"collection":[{"href":"https:\/\/lend-ease.com\/es\/wp-json\/wp\/v2\/pages"}],"about":[{"href":"https:\/\/lend-ease.com\/es\/wp-json\/wp\/v2\/types\/page"}],"author":[{"embeddable":true,"href":"https:\/\/lend-ease.com\/es\/wp-json\/wp\/v2\/users\/1"}],"replies":[{"embeddable":true,"href":"https:\/\/lend-ease.com\/es\/wp-json\/wp\/v2\/comments?post=136"}],"version-history":[{"count":225,"href":"https:\/\/lend-ease.com\/es\/wp-json\/wp\/v2\/pages\/136\/revisions"}],"predecessor-version":[{"id":1387,"href":"https:\/\/lend-ease.com\/es\/wp-json\/wp\/v2\/pages\/136\/revisions\/1387"}],"wp:attachment":[{"href":"https:\/\/lend-ease.com\/es\/wp-json\/wp\/v2\/media?parent=136"}],"curies":[{"name":"wp","href":"https:\/\/api.w.org\/{rel}","templated":true}]}}